{"id":973,"date":"2022-10-22T14:44:49","date_gmt":"2022-10-22T12:44:49","guid":{"rendered":"https:\/\/winebymademoiselle.com\/?page_id=973"},"modified":"2025-07-19T12:14:52","modified_gmt":"2025-07-19T10:14:52","slug":"bienvenue-au-club-des-mademoiselles","status":"publish","type":"page","link":"https:\/\/dianewinevoyage.com\/fr\/welcome-to-mademoiselles-club\/","title":{"rendered":"\ud83c\udf77 Merci et bienvenue !"},"content":{"rendered":"<figure class=\"wp-block-image size-large\"><img loading=\"lazy\" decoding=\"async\" width=\"1024\" height=\"576\" src=\"https:\/\/dianewinevoyage.com\/wp-content\/uploads\/2025\/07\/WbM-Featured-images-1-1024x576.png\" alt=\"\" class=\"wp-image-4513\" srcset=\"https:\/\/dianewinevoyage.com\/wp-content\/uploads\/2025\/07\/WbM-Featured-images-1-1024x576.png 1024w, https:\/\/dianewinevoyage.com\/wp-content\/uploads\/2025\/07\/WbM-Featured-images-1-300x169.png 300w, https:\/\/dianewinevoyage.com\/wp-content\/uploads\/2025\/07\/WbM-Featured-images-1-768x432.png 768w, https:\/\/dianewinevoyage.com\/wp-content\/uploads\/2025\/07\/WbM-Featured-images-1-18x10.png 18w, https:\/\/dianewinevoyage.com\/wp-content\/uploads\/2025\/07\/WbM-Featured-images-1-1140x641.png 1140w, https:\/\/dianewinevoyage.com\/wp-content\/uploads\/2025\/07\/WbM-Featured-images-1.png 1280w\" sizes=\"auto, (max-width: 1024px) 100vw, 1024px\" \/><\/figure>\n\n\n\n<div class=\"wp-block-columns is-layout-flex wp-container-core-columns-is-layout-9d6595d7 wp-block-columns-is-layout-flex\">\n<div class=\"wp-block-column is-layout-flow wp-block-column-is-layout-flow\">\n<h3 class=\"wp-block-heading\">\ud83c\uddeb\ud83c\uddf7 Et ensuite ?<\/h3>\n\n\n\n<p>Vous recevrez un e-mail dans quelques minutes vous demandant de <strong>choisissez votre langue pr\u00e9f\u00e9r\u00e9e<\/strong>:Anglais ou fran\u00e7ais.<br>De cette fa\u00e7on, vous obtiendrez uniquement le contenu sur le vin qui vous convient le mieux, dans un langage qui vous semble naturel.<\/p>\n\n\n\n<p>\ud83d\udc49 <strong>Vous ne le voyez pas ?<\/strong><br>V\u00e9rifiez votre dossier spam ou promotions, au cas o\u00f9 !<\/p>\n\n\n\n<h3 class=\"wp-block-heading\">\ud83c\uddeb\ud83c\uddf7 \u00c0 quoi s&#039;attendre<\/h3>\n\n\n\n<p>Cette newsletter est enti\u00e8rement consacr\u00e9e \u00e0 <strong>ouvrir votre monde du vin<\/strong> \u2014 au-del\u00e0 de Bordeaux, au-del\u00e0 de ce que vous connaissez d\u00e9j\u00e0.<\/p>\n\n\n\n<p>Je vais partager :<\/p>\n\n\n\n<ul class=\"wp-block-list\">\n<li>\ud83c\udf47 Vins d&#039;Autriche, du Japon et d&#039;Angleterre<\/li>\n\n\n\n<li>\ud83c\udf71 Accords mets et vins insolites et conseils de voyage<\/li>\n\n\n\n<li>\u2728 Des avis honn\u00eates et de bonnes bouteilles \u00e0 essayer<\/li>\n\n\n\n<li>\ud83d\udc8c \u00c9v\u00e9nements sp\u00e9ciaux, d\u00e9gustations et histoires des coulisses<\/li>\n<\/ul>\n\n\n\n<p>Pas de snobisme. Pas de spam. Juste de la d\u00e9couverte.<\/p>\n\n\n\n<p><strong>Et la meilleure partie ?<\/strong><br>Vous pouvez r\u00e9pondre \u00e0 n&#039;importe quel email pour me contacter directement.<br>Vous avez une question, besoin d&#039;un conseil vin ou d&#039;une recommandation\u00a0? Je suis l\u00e0 pour vous.<\/p>\n<\/div>\n\n\n\n<div class=\"wp-block-column is-layout-flow wp-block-column-is-layout-flow\">\n<h3 class=\"wp-block-heading\">\ud83c\uddeb\ud83c\uddf7 Et maintenant ?<\/h3>\n\n\n\n<p>Tu vas recevoir un email dans quelques minutes pour <strong>choisir ta langue pr\u00e9f\u00e9r\u00e9e<\/strong> : fran\u00e7ais ou anglais.<br>Comme \u00e7a, tu ne recevras que des contenus autour du vin, dans la langue qui te correspond.<\/p>\n\n\n\n<p>\ud83d\udc49 <strong>Tu ne vois rien arriver ?<\/strong><br>V\u00e9rifiez vos spams ou l&#039;onglet \u00ab Promotions \u00bb !<\/p>\n\n\n\n<h3 class=\"wp-block-heading\">\ud83c\uddeb\ud83c\uddf7 Ce que tu vas recevoir<\/h3>\n\n\n\n<p>Cette newsletter, c&#039;est une invitation \u00e0 <strong>\u00e9largir ton monde du vin<\/strong> \u2014 au-del\u00e0 de Bordeaux, au-del\u00e0 de ce que tu connais d\u00e9j\u00e0.<\/p>\n\n\n\n<p>Tu et tu trouveras :<\/p>\n\n\n\n<ul class=\"wp-block-list\">\n<li>\ud83c\udf47 Des vins d&#039;Autriche, du Japon et d&#039;Angleterre<\/li>\n\n\n\n<li>\ud83c\udf71 Des id\u00e9es d&#039;accords originaux et des conseils de voyage<\/li>\n\n\n\n<li>\u2728 Des avis sinc\u00e8res et des bouteilles \u00e0 d\u00e9couvrir<\/li>\n\n\n\n<li>\ud83d\udc8c Des invitations, des d\u00e9gustations, des coulisses<\/li>\n<\/ul>\n\n\n\n<p>Pas de snobisme. Publicit\u00e9 pas de blabla. Juste de la d\u00e9couverte.<\/p>\n\n\n\n<p><strong>Et le meilleur dans tout \u00e7a ?<\/strong><br>Tu peux r\u00e9pondre \u00e0 n&#039;importe quel email pour me parler directement.<br>Une question, un conseil, une envie de vin ? Je suis l\u00e0.<\/p>\n<\/div>\n<\/div>","protected":false},"excerpt":{"rendered":"<p>\ud83c\uddeb\ud83c\uddf7 Et ensuite ? Vous recevrez un e-mail dans quelques minutes vous demandant de choisir votre langue pr\u00e9f\u00e9r\u00e9e : anglais ou fran\u00e7ais. De cette fa\u00e7on, vous n&#039;obtiendrez que le contenu sur le vin qui vous convient le mieux, dans la langue qui vous semble naturelle. \ud83d\udc49 Vous ne le voyez pas ? V\u00e9rifiez votre dossier spam ou promotions, au cas o\u00f9 ! \ud83c\uddec\ud83c\udde7 \u00c0 quoi s&#039;attendre Cette newsletter a pour but de vous ouvrir au monde du vin, au-del\u00e0 de Bordeaux, au-del\u00e0 de ce que vous connaissez d\u00e9j\u00e0. Je partagerai : Pas de snobisme. Pas de spam. Juste de la d\u00e9couverte. Et le meilleur dans tout \u00e7a ? Vous pouvez r\u00e9pondre \u00e0 n&#039;importe quel e-mail pour me contacter directement. Vous avez une question, besoin d&#039;un conseil sur le vin ou envie d&#039;une recommandation ? Je suis l\u00e0 pour \u00e7a. \ud83c\uddeb\ud83c\uddf7 Et maintenant ? Vous allez recevoir un e-mail dans quelques minutes pour choisir votre langue pr\u00e9f\u00e9r\u00e9e : fran\u00e7ais ou anglais. Comme \u00e7a, vous ne recevrez que des contenus autour du vin, dans la langue qui vous correspond. \ud83d\udc49 Tu ne vois rien arriver ? V\u00e9rifiez tes spams ou l&#039;onglet \u00ab Promotions \u00bb ! \ud83c\uddeb\ud83c\uddf7 Ce que tu vas recevoir Cette newsletter, c&#039;est une invitation \u00e0 \u00e9largir ton monde du vin \u2014 au-del\u00e0 de Bordeaux, au-del\u00e0 de ce que tu connais d\u00e9j\u00e0. Tu y trouveras : Pas de snobisme. Publicit\u00e9 pas de blabla. Juste de la d\u00e9couverte. Et le meilleur dans tout \u00e7a ?Tu peux r\u00e9pondre \u00e0 n&#039;importe quel email pour me parler directement.Une question, un conseil, une envie de vin ? Je suis l\u00e0.<\/p>","protected":false},"author":2,"featured_media":0,"parent":0,"menu_order":0,"comment_status":"closed","ping_status":"closed","template":"","meta":{"_wp_convertkit_post_meta":{"form":"-1","landing_page":"0","tag":"0","restrict_content":"0"},"footnotes":""},"class_list":["post-973","page","type-page","status-publish","hentry"],"acf":[],"_links":{"self":[{"href":"https:\/\/dianewinevoyage.com\/fr\/wp-json\/wp\/v2\/pages\/973","targetHints":{"allow":["GET"]}}],"collection":[{"href":"https:\/\/dianewinevoyage.com\/fr\/wp-json\/wp\/v2\/pages"}],"about":[{"href":"https:\/\/dianewinevoyage.com\/fr\/wp-json\/wp\/v2\/types\/page"}],"author":[{"embeddable":true,"href":"https:\/\/dianewinevoyage.com\/fr\/wp-json\/wp\/v2\/users\/2"}],"replies":[{"embeddable":true,"href":"https:\/\/dianewinevoyage.com\/fr\/wp-json\/wp\/v2\/comments?post=973"}],"version-history":[{"count":6,"href":"https:\/\/dianewinevoyage.com\/fr\/wp-json\/wp\/v2\/pages\/973\/revisions"}],"predecessor-version":[{"id":4514,"href":"https:\/\/dianewinevoyage.com\/fr\/wp-json\/wp\/v2\/pages\/973\/revisions\/4514"}],"wp:attachment":[{"href":"https:\/\/dianewinevoyage.com\/fr\/wp-json\/wp\/v2\/media?parent=973"}],"curies":[{"name":"wp","href":"https:\/\/api.w.org\/{rel}","templated":true}]}}